{"id":2,"date":"2012-12-01T08:50:58","date_gmt":"2012-12-01T08:50:58","guid":{"rendered":"http:\/\/www.lachouettehabay.be\/wordpress\/?page_id=2"},"modified":"2021-04-07T18:35:21","modified_gmt":"2021-04-07T17:35:21","slug":"page-d-exemple","status":"publish","type":"page","link":"https:\/\/shop.lachouettehabay.be\/","title":{"rendered":"La Chouette, fleurs et cr\u00e9ativit\u00e9 :"},"content":{"rendered":"\n<p>Bienvenue \u00e0 La Chouette&#8230; <\/p>\n\n\n\n<p>La Chouette est une boutique sympathique o\u00f9 il fait bon se promener&#8230; L&#8217;agr\u00e9able alliance entre les fleurs, la d\u00e9coration et les loisirs cr\u00e9atifs, 3 domaines qui se marient \u00e0 merveille dans cette oasis cr\u00e9ative.<\/p>\n\n\n\n<p>Nous avons cr\u00e9\u00e9 ce site pour vous permettre de d\u00e9couvrir une partie des collections propos\u00e9es en boutique mais  bien s\u00fbr, il nous est impossible de proposer tous nos articles en ligne, car la gamme est grande, et du c\u00f4t\u00e9 des fleurs, les propositions sont infinies ! <\/p>\n\n\n\n<p>Ce site est actuellement con\u00e7u pour r\u00e9server et venir chercher en magasin car nous privil\u00e9gions le contact humain.<\/p>\n\n\n\n<p>Cependant, les livraisons sont aussi possibles dans les alentours de Habay, n&#8217;h\u00e9sitez pas \u00e0 vous renseigner.<\/p>\n\n\n\n<p>Plus que jamais, nous sommes ouverts et pr\u00e9sents pour r\u00e9pondre \u00e0 vos questions,  n&#8217;h\u00e9sitez donc pas \u00e0 nous contacter, par tel. au 063 \/ 42 29 78,  via notre formulaire de contact ou encore plus simple : en passant en boutique puisque nous restons ouvert sans rendez-vous.<\/p>\n\n\n\n<h2>Nouveaut\u00e9s :<\/h2>\n\n\n\n\n\n<h2>Promotions :<\/h2>\n\n\n\n\n\n<p><\/p>\n","protected":false},"excerpt":{"rendered":"<p>Bienvenue \u00e0 La Chouette&#8230; La Chouette est une boutique sympathique o\u00f9 il fait bon se promener&#8230; L&#8217;agr\u00e9able alliance entre les fleurs, la d\u00e9coration et les loisirs cr\u00e9atifs, 3 domaines qui se marient \u00e0 merveille dans cette oasis cr\u00e9ative. Nous avons cr\u00e9\u00e9 ce site pour vous permettre de d\u00e9couvrir une partie des collections propos\u00e9es en boutique [&hellip;]<\/p>\n","protected":false},"author":1,"featured_media":0,"parent":0,"menu_order":0,"comment_status":"closed","ping_status":"open","template":"","meta":[],"_links":{"self":[{"href":"https:\/\/shop.lachouettehabay.be\/index.php?rest_route=\/wp\/v2\/pages\/2"}],"collection":[{"href":"https:\/\/shop.lachouettehabay.be\/index.php?rest_route=\/wp\/v2\/pages"}],"about":[{"href":"https:\/\/shop.lachouettehabay.be\/index.php?rest_route=\/wp\/v2\/types\/page"}],"author":[{"embeddable":true,"href":"https:\/\/shop.lachouettehabay.be\/index.php?rest_route=\/wp\/v2\/users\/1"}],"replies":[{"embeddable":true,"href":"https:\/\/shop.lachouettehabay.be\/index.php?rest_route=%2Fwp%2Fv2%2Fcomments&post=2"}],"version-history":[{"count":11,"href":"https:\/\/shop.lachouettehabay.be\/index.php?rest_route=\/wp\/v2\/pages\/2\/revisions"}],"predecessor-version":[{"id":783,"href":"https:\/\/shop.lachouettehabay.be\/index.php?rest_route=\/wp\/v2\/pages\/2\/revisions\/783"}],"wp:attachment":[{"href":"https:\/\/shop.lachouettehabay.be\/index.php?rest_route=%2Fwp%2Fv2%2Fmedia&parent=2"}],"curies":[{"name":"wp","href":"https:\/\/api.w.org\/{rel}","templated":true}]}}